{"id":3163,"date":"2024-06-21T16:55:40","date_gmt":"2024-06-21T14:55:40","guid":{"rendered":"https:\/\/www.3sbox.it\/?page_id=3163"},"modified":"2024-07-11T16:06:33","modified_gmt":"2024-07-11T14:06:33","slug":"home-scatole-personalizzate","status":"publish","type":"page","link":"https:\/\/www.3sbox.it\/de\/home-scatole-personalizzate\/","title":{"rendered":"Home &#8211; Scatole personalizzate"},"content":{"rendered":"<div id='full_slider_1'  class='avia-fullwidth-slider main_color avia-shadow   avia-builder-el-0  el_before_av_button  avia-builder-el-first   container_wrap sidebar_right'  ><div  class='avia-slideshow av-li2xpiqa-00765e3e3785d6e388dfa51bc802b081 avia-slideshow-no scaling av_slideshow_full avia-slide-slider av-slideshow-ui av-control-default av-no-slider-navigation av-slideshow-autoplay av-loop-endless av-loop-manual-endless av-default-height-applied   avia-slideshow-1' data-slideshow-options=\"{&quot;animation&quot;:&quot;slide&quot;,&quot;autoplay&quot;:true,&quot;loop_autoplay&quot;:&quot;endless&quot;,&quot;interval&quot;:5,&quot;loop_manual&quot;:&quot;manual-endless&quot;,&quot;autoplay_stopper&quot;:false,&quot;noNavigation&quot;:false,&quot;bg_slider&quot;:false,&quot;keep_padding&quot;:false,&quot;hoverpause&quot;:false,&quot;show_slide_delay&quot;:0}\"  itemprop=\"image\" itemscope=\"itemscope\" itemtype=\"https:\/\/schema.org\/ImageObject\" ><ul class='avia-slideshow-inner' style='padding-bottom: 56.234309623431%;'><li  class='avia-slideshow-slide av-li2xpiqa-00765e3e3785d6e388dfa51bc802b081__0  slide-1 slide-odd'><div data-rel='slideshow-1' class='avia-slide-wrap'   ><img decoding=\"async\" class=\"wp-image-3179 avia-img-lazy-loading-not-3179\"  src=\"https:\/\/www.3sbox.it\/wp-content\/uploads\/2024\/06\/40.png\" width=\"1195\" height=\"672\" title='40' alt=''  itemprop=\"thumbnailUrl\" srcset=\"https:\/\/www.3sbox.it\/wp-content\/uploads\/2024\/06\/40.png 1195w, https:\/\/www.3sbox.it\/wp-content\/uploads\/2024\/06\/40-300x169.png 300w, https:\/\/www.3sbox.it\/wp-content\/uploads\/2024\/06\/40-1030x579.png 1030w, https:\/\/www.3sbox.it\/wp-content\/uploads\/2024\/06\/40-768x432.png 768w, https:\/\/www.3sbox.it\/wp-content\/uploads\/2024\/06\/40-18x10.png 18w, https:\/\/www.3sbox.it\/wp-content\/uploads\/2024\/06\/40-705x396.png 705w\" sizes=\"(max-width: 1195px) 100vw, 1195px\" \/><\/div><\/li><li  class='avia-slideshow-slide av-li2xpiqa-00765e3e3785d6e388dfa51bc802b081__1  slide-2 slide-even'><div data-rel='slideshow-1' class='avia-slide-wrap'   ><img decoding=\"async\" class=\"wp-image-3180 avia-img-lazy-loading-not-3180\"  src=\"https:\/\/www.3sbox.it\/wp-content\/uploads\/2024\/06\/41.png\" width=\"1195\" height=\"672\" title='41' alt=''  itemprop=\"thumbnailUrl\" srcset=\"https:\/\/www.3sbox.it\/wp-content\/uploads\/2024\/06\/41.png 1195w, https:\/\/www.3sbox.it\/wp-content\/uploads\/2024\/06\/41-300x169.png 300w, https:\/\/www.3sbox.it\/wp-content\/uploads\/2024\/06\/41-1030x579.png 1030w, https:\/\/www.3sbox.it\/wp-content\/uploads\/2024\/06\/41-768x432.png 768w, https:\/\/www.3sbox.it\/wp-content\/uploads\/2024\/06\/41-18x10.png 18w, https:\/\/www.3sbox.it\/wp-content\/uploads\/2024\/06\/41-705x396.png 705w\" sizes=\"(max-width: 1195px) 100vw, 1195px\" \/><\/div><\/li><li  class='avia-slideshow-slide av-li2xpiqa-00765e3e3785d6e388dfa51bc802b081__2  slide-3 slide-odd'><div data-rel='slideshow-1' class='avia-slide-wrap'   ><img decoding=\"async\" class=\"wp-image-3181 avia-img-lazy-loading-not-3181\"  src=\"https:\/\/www.3sbox.it\/wp-content\/uploads\/2024\/06\/42.png\" width=\"1195\" height=\"672\" title='42' alt=''  itemprop=\"thumbnailUrl\" srcset=\"https:\/\/www.3sbox.it\/wp-content\/uploads\/2024\/06\/42.png 1195w, https:\/\/www.3sbox.it\/wp-content\/uploads\/2024\/06\/42-300x169.png 300w, https:\/\/www.3sbox.it\/wp-content\/uploads\/2024\/06\/42-1030x579.png 1030w, https:\/\/www.3sbox.it\/wp-content\/uploads\/2024\/06\/42-768x432.png 768w, https:\/\/www.3sbox.it\/wp-content\/uploads\/2024\/06\/42-18x10.png 18w, https:\/\/www.3sbox.it\/wp-content\/uploads\/2024\/06\/42-705x396.png 705w\" sizes=\"(max-width: 1195px) 100vw, 1195px\" \/><\/div><\/li><li  class='avia-slideshow-slide av-li2xpiqa-00765e3e3785d6e388dfa51bc802b081__3  slide-4 slide-even'><div data-rel='slideshow-1' class='avia-slide-wrap'   ><img decoding=\"async\" class=\"wp-image-3291 avia-img-lazy-loading-not-3291\"  src=\"https:\/\/www.3sbox.it\/wp-content\/uploads\/2024\/07\/112.png\" width=\"1195\" height=\"672\" title='112' alt=''  itemprop=\"thumbnailUrl\" srcset=\"https:\/\/www.3sbox.it\/wp-content\/uploads\/2024\/07\/112.png 1195w, https:\/\/www.3sbox.it\/wp-content\/uploads\/2024\/07\/112-300x169.png 300w, https:\/\/www.3sbox.it\/wp-content\/uploads\/2024\/07\/112-1030x579.png 1030w, https:\/\/www.3sbox.it\/wp-content\/uploads\/2024\/07\/112-768x432.png 768w, https:\/\/www.3sbox.it\/wp-content\/uploads\/2024\/07\/112-18x10.png 18w, https:\/\/www.3sbox.it\/wp-content\/uploads\/2024\/07\/112-705x396.png 705w\" sizes=\"(max-width: 1195px) 100vw, 1195px\" \/><\/div><\/li><li  class='avia-slideshow-slide av-li2xpiqa-00765e3e3785d6e388dfa51bc802b081__4  slide-5 slide-odd'><div data-rel='slideshow-1' class='avia-slide-wrap'   ><img decoding=\"async\" class=\"wp-image-3292 avia-img-lazy-loading-not-3292\"  src=\"https:\/\/www.3sbox.it\/wp-content\/uploads\/2024\/07\/113.png\" width=\"1195\" height=\"672\" title='113' alt=''  itemprop=\"thumbnailUrl\" srcset=\"https:\/\/www.3sbox.it\/wp-content\/uploads\/2024\/07\/113.png 1195w, https:\/\/www.3sbox.it\/wp-content\/uploads\/2024\/07\/113-300x169.png 300w, https:\/\/www.3sbox.it\/wp-content\/uploads\/2024\/07\/113-1030x579.png 1030w, https:\/\/www.3sbox.it\/wp-content\/uploads\/2024\/07\/113-768x432.png 768w, https:\/\/www.3sbox.it\/wp-content\/uploads\/2024\/07\/113-18x10.png 18w, https:\/\/www.3sbox.it\/wp-content\/uploads\/2024\/07\/113-705x396.png 705w\" sizes=\"(max-width: 1195px) 100vw, 1195px\" \/><\/div><\/li><li  class='avia-slideshow-slide av-li2xpiqa-00765e3e3785d6e388dfa51bc802b081__5  slide-6 slide-even'><div data-rel='slideshow-1' class='avia-slide-wrap'   ><img decoding=\"async\" class=\"wp-image-3293 avia-img-lazy-loading-not-3293\"  src=\"https:\/\/www.3sbox.it\/wp-content\/uploads\/2024\/07\/114.png\" width=\"1195\" height=\"672\" title='114' alt=''  itemprop=\"thumbnailUrl\" srcset=\"https:\/\/www.3sbox.it\/wp-content\/uploads\/2024\/07\/114.png 1195w, https:\/\/www.3sbox.it\/wp-content\/uploads\/2024\/07\/114-300x169.png 300w, https:\/\/www.3sbox.it\/wp-content\/uploads\/2024\/07\/114-1030x579.png 1030w, https:\/\/www.3sbox.it\/wp-content\/uploads\/2024\/07\/114-768x432.png 768w, https:\/\/www.3sbox.it\/wp-content\/uploads\/2024\/07\/114-18x10.png 18w, https:\/\/www.3sbox.it\/wp-content\/uploads\/2024\/07\/114-705x396.png 705w\" sizes=\"(max-width: 1195px) 100vw, 1195px\" \/><\/div><\/li><li  class='avia-slideshow-slide av-li2xpiqa-00765e3e3785d6e388dfa51bc802b081__6  slide-7 slide-odd'><div data-rel='slideshow-1' class='avia-slide-wrap'   ><img decoding=\"async\" class=\"wp-image-3185 avia-img-lazy-loading-not-3185\"  src=\"https:\/\/www.3sbox.it\/wp-content\/uploads\/2024\/06\/46.png\" width=\"1195\" height=\"672\" title='46' alt=''  itemprop=\"thumbnailUrl\" srcset=\"https:\/\/www.3sbox.it\/wp-content\/uploads\/2024\/06\/46.png 1195w, https:\/\/www.3sbox.it\/wp-content\/uploads\/2024\/06\/46-300x169.png 300w, https:\/\/www.3sbox.it\/wp-content\/uploads\/2024\/06\/46-1030x579.png 1030w, https:\/\/www.3sbox.it\/wp-content\/uploads\/2024\/06\/46-768x432.png 768w, https:\/\/www.3sbox.it\/wp-content\/uploads\/2024\/06\/46-18x10.png 18w, https:\/\/www.3sbox.it\/wp-content\/uploads\/2024\/06\/46-705x396.png 705w\" sizes=\"(max-width: 1195px) 100vw, 1195px\" \/><\/div><\/li><li  class='avia-slideshow-slide av-li2xpiqa-00765e3e3785d6e388dfa51bc802b081__7  slide-8 slide-even'><div data-rel='slideshow-1' class='avia-slide-wrap'   ><img decoding=\"async\" class=\"wp-image-3186 avia-img-lazy-loading-not-3186\"  src=\"https:\/\/www.3sbox.it\/wp-content\/uploads\/2024\/06\/47.png\" width=\"1195\" height=\"672\" title='47' alt=''  itemprop=\"thumbnailUrl\" srcset=\"https:\/\/www.3sbox.it\/wp-content\/uploads\/2024\/06\/47.png 1195w, https:\/\/www.3sbox.it\/wp-content\/uploads\/2024\/06\/47-300x169.png 300w, https:\/\/www.3sbox.it\/wp-content\/uploads\/2024\/06\/47-1030x579.png 1030w, https:\/\/www.3sbox.it\/wp-content\/uploads\/2024\/06\/47-768x432.png 768w, https:\/\/www.3sbox.it\/wp-content\/uploads\/2024\/06\/47-18x10.png 18w, https:\/\/www.3sbox.it\/wp-content\/uploads\/2024\/06\/47-705x396.png 705w\" sizes=\"(max-width: 1195px) 100vw, 1195px\" \/><\/div><\/li><li  class='avia-slideshow-slide av-li2xpiqa-00765e3e3785d6e388dfa51bc802b081__8  slide-9 slide-odd'><div data-rel='slideshow-1' class='avia-slide-wrap'   ><img decoding=\"async\" class=\"wp-image-3177 avia-img-lazy-loading-not-3177\"  src=\"https:\/\/www.3sbox.it\/wp-content\/uploads\/2024\/06\/48.png\" width=\"1195\" height=\"672\" title='48' alt=''  itemprop=\"thumbnailUrl\" srcset=\"https:\/\/www.3sbox.it\/wp-content\/uploads\/2024\/06\/48.png 1195w, https:\/\/www.3sbox.it\/wp-content\/uploads\/2024\/06\/48-300x169.png 300w, https:\/\/www.3sbox.it\/wp-content\/uploads\/2024\/06\/48-1030x579.png 1030w, https:\/\/www.3sbox.it\/wp-content\/uploads\/2024\/06\/48-768x432.png 768w, https:\/\/www.3sbox.it\/wp-content\/uploads\/2024\/06\/48-18x10.png 18w, https:\/\/www.3sbox.it\/wp-content\/uploads\/2024\/06\/48-705x396.png 705w\" sizes=\"(max-width: 1195px) 100vw, 1195px\" \/><\/div><\/li><li  class='avia-slideshow-slide av-li2xpiqa-00765e3e3785d6e388dfa51bc802b081__9  slide-10 slide-even'><div data-rel='slideshow-1' class='avia-slide-wrap'   ><img decoding=\"async\" class=\"wp-image-3178 avia-img-lazy-loading-not-3178\"  src=\"https:\/\/www.3sbox.it\/wp-content\/uploads\/2024\/06\/49.png\" width=\"1195\" height=\"672\" title='49' alt=''  itemprop=\"thumbnailUrl\" srcset=\"https:\/\/www.3sbox.it\/wp-content\/uploads\/2024\/06\/49.png 1195w, https:\/\/www.3sbox.it\/wp-content\/uploads\/2024\/06\/49-300x169.png 300w, https:\/\/www.3sbox.it\/wp-content\/uploads\/2024\/06\/49-1030x579.png 1030w, https:\/\/www.3sbox.it\/wp-content\/uploads\/2024\/06\/49-768x432.png 768w, https:\/\/www.3sbox.it\/wp-content\/uploads\/2024\/06\/49-18x10.png 18w, https:\/\/www.3sbox.it\/wp-content\/uploads\/2024\/06\/49-705x396.png 705w\" sizes=\"(max-width: 1195px) 100vw, 1195px\" \/><\/div><\/li><\/ul><div class='avia-slideshow-arrows avia-slideshow-controls' ><a href='#prev' class='prev-slide' aria-hidden='true' data-av_icon='\ue87c' data-av_iconfont='entypo-fontello'  tabindex='-1'>Zur\u00fcck<\/a><a href='#next' class='next-slide' aria-hidden='true' data-av_icon='\ue87d' data-av_iconfont='entypo-fontello'  tabindex='-1'>Weiter<\/a><\/div><\/div><\/div><div id='after_full_slider_1'  class='main_color av_default_container_wrap container_wrap sidebar_right'  ><div class='container av-section-cont-open' ><div class='template-page content  av-content-small alpha units'><div class='post-entry post-entry-type-page post-entry-3163'><div class='entry-content-wrapper clearfix'>\n<div  id=\"httpswww3sboxitgallery\"  class='avia-button-wrap av-li4omsms-92980998b4ed942e788cc57eff1af5db-wrap avia-button-center  avia-builder-el-1  el_after_av_slideshow_full  el_before_av_heading  avia-builder-el-first'><a href='https:\/\/www.3sbox.it\/de\/galerie-scatole-personalizzate\/'  class='avia-button av-li4omsms-92980998b4ed942e788cc57eff1af5db avia-icon_select-yes-right-icon avia-size-small avia-position-center avia-color-theme-color'  ><span class='avia_iconbox_title' >Gallery<\/span><span class='avia_button_icon avia_button_icon_right' aria-hidden='true' data-av_icon='\ue873' data-av_iconfont='entypo-fontello'><\/span><\/a><\/div>\n\n<style type=\"text\/css\" data-created_by=\"avia_inline_auto\" id=\"style-css-av-li4f7jfd-f4c10770ab2e48671213e898a107f736\">\n#top .av-special-heading.av-li4f7jfd-f4c10770ab2e48671213e898a107f736{\npadding-bottom:10px;\n}\nbody .av-special-heading.av-li4f7jfd-f4c10770ab2e48671213e898a107f736 .av-special-heading-tag .heading-char{\nfont-size:25px;\n}\n.av-special-heading.av-li4f7jfd-f4c10770ab2e48671213e898a107f736 .av-subheading{\nfont-size:15px;\n}\n<\/style>\n<div  class='av-special-heading av-li4f7jfd-f4c10770ab2e48671213e898a107f736 av-special-heading-h2 blockquote modern-quote modern-centered  avia-builder-el-2  el_after_av_button  el_before_av_section  avia-builder-el-last'><h2 class='av-special-heading-tag'  itemprop=\"headline\"  >Personalisierte Kartons<\/h2><div class=\"special-heading-border\"><div class=\"special-heading-inner-border\"><\/div><\/div><\/div>\n<\/div><\/div><\/div><!-- close content main div --><\/div><\/div><div id='ih-center-align-columns'  class='avia-section av-li2yz05z-f6a2ecdf2a149e79974b7d283e9b1658 main_color avia-section-default avia-no-border-styling  avia-builder-el-3  el_after_av_heading  avia-builder-el-last  avia-bg-style-scroll container_wrap sidebar_right'  ><div class='container av-section-cont-open' ><div class='template-page content  av-content-small alpha units'><div class='post-entry post-entry-type-page post-entry-3163'><div class='entry-content-wrapper clearfix'>\n<div  class='flex_column av-9fw7gm-253ccfb397379fbf1b183da167729d5e av_one_third  avia-builder-el-4  el_before_av_one_third  avia-builder-el-first  first flex_column_div'     ><article  class='iconbox iconbox_top av-li2yj0gz-a4434a63a1749735246b2d6a5f8d91db  avia-builder-el-5  avia-builder-el-no-sibling  main_color'  itemscope=\"itemscope\" itemtype=\"https:\/\/schema.org\/CreativeWork\" ><div class=\"iconbox_content\"><header class=\"entry-content-header\"><div class=\"iconbox_icon heading-color\" aria-hidden='true' data-av_icon='\ue836' data-av_iconfont='entypo-fontello'><\/div><h3 class='iconbox_content_title'  itemprop=\"headline\" >Produkt<\/h3><\/header><div class='iconbox_content_container'  itemprop=\"text\" ><p>Ihre Box gibt es noch nicht? Wir entwickeln sie gemeinsam! Die M\u00f6glichkeiten sind endlos mit unseren Wellpappkartons, die vollst\u00e4ndig an Ihre Bed\u00fcrfnisse angepasst werden k\u00f6nnen.<\/p>\n<\/div><\/div><footer class=\"entry-footer\"><\/footer><\/article><\/div><div  class='flex_column av-kg63zq-3881e81c768028f4bf965c22bcd5fb63 av_one_third  avia-builder-el-6  el_after_av_one_third  el_before_av_one_third  flex_column_div'     ><article  class='iconbox iconbox_top av-j2k9va-a6061023f6c4e2dcc5f6a6bb091bce11  avia-builder-el-7  avia-builder-el-no-sibling  main_color'  itemscope=\"itemscope\" itemtype=\"https:\/\/schema.org\/CreativeWork\" ><div class=\"iconbox_content\"><header class=\"entry-content-header\"><div class=\"iconbox_icon heading-color\" aria-hidden='true' data-av_icon='\ue84d' data-av_iconfont='entypo-fontello'><\/div><h3 class='iconbox_content_title'  itemprop=\"headline\" >Eigenschaften<\/h3><\/header><div class='iconbox_content_container'  itemprop=\"text\" ><p>Jedes Produkt hat seine eigenen Besonderheiten, und unsere Boxen k\u00f6nnen an jede Gr\u00f6\u00dfe angepasst werden. Egal, ob Sie eine kleine Box f\u00fcr ein einzelnes Produkt oder eine gr\u00f6\u00dfere f\u00fcr eine ganze Sammlung von Produkten ben\u00f6tigen, wir k\u00f6nnen die perfekte L\u00f6sung f\u00fcr Sie anfertigen. So ist sichergestellt, dass Ihre Artikel immer tadellos pr\u00e4sentiert werden. In Kombination mit individuellen Grafiken wird jede Box zu einem Botschafter Ihrer Firma und bietet Ihren Kunden ein einzigartiges und unvergessliches Erlebnis.<\/p>\n<\/div><\/div><footer class=\"entry-footer\"><\/footer><\/article><\/div><div  class='flex_column av-gimy2e-b6c9c67ed0638d0c7a7030d3a2c7e071 av_one_third  avia-builder-el-8  el_after_av_one_third  el_before_av_one_third  flex_column_div'     ><article  class='iconbox iconbox_top av-dt8uxi-f4577d1827ea12c18399ff7b8e8c0d0d  avia-builder-el-9  avia-builder-el-no-sibling  main_color'  itemscope=\"itemscope\" itemtype=\"https:\/\/schema.org\/CreativeWork\" ><div class=\"iconbox_content\"><header class=\"entry-content-header\"><div class=\"iconbox_icon heading-color\" aria-hidden='true' data-av_icon='\ue838' data-av_iconfont='entypo-fontello'><\/div><h3 class='iconbox_content_title'  itemprop=\"headline\" >Druck<\/h3><\/header><div class='iconbox_content_container'  itemprop=\"text\" ><p>Die Kartons k\u00f6nnen innen und au\u00dfen mit bis zu 6 Farben im Flexodruck bedruckt werden. Dar\u00fcber hinaus ist es m\u00f6glich, sie mit Naturkraft, wei\u00dfer Kraft und gestrichener wei\u00dfer Kraft sowie mit metallisierten Farben herzustellen.<\/p>\n<\/div><\/div><footer class=\"entry-footer\"><\/footer><\/article><\/div><div  class='flex_column av-qw7ba-6573df67a05a71b679df0397c73efa75 av_one_third  avia-builder-el-10  el_after_av_one_third  el_before_av_one_third  first flex_column_div  column-top-margin'     ><article  class='iconbox iconbox_top av-54kuvq-e72ce5baa651daf084284823b76bb9d4  avia-builder-el-11  avia-builder-el-no-sibling  main_color'  itemscope=\"itemscope\" itemtype=\"https:\/\/schema.org\/CreativeWork\" ><div class=\"iconbox_content\"><header class=\"entry-content-header\"><div class=\"iconbox_icon heading-color\" aria-hidden='true' data-av_icon='\ue8b8' data-av_iconfont='entypo-fontello'><\/div><h3 class='iconbox_content_title'  itemprop=\"headline\" >\u00d6kologisch<\/h3><\/header><div class='iconbox_content_container'  itemprop=\"text\" ><p>Die Produkte sind umweltfreundlich und zu 100 % wiederverwendbar, im Flexodruckverfahren mit Farben auf Wasserbasis bedruckt und FSC-zertifiziert. Zum Verschlie\u00dfen ist kein Klebeband notwendig.<\/p>\n<\/div><\/div><footer class=\"entry-footer\"><\/footer><\/article><\/div><div  class='flex_column av-77m1y-8798de3839f6cfd59ee0d10ab1e6ca6d av_one_third  avia-builder-el-12  el_after_av_one_third  el_before_av_one_third  flex_column_div  column-top-margin'     ><article  class='iconbox iconbox_top av-li4npxol-b138a513656777a9a414066545d0e773  avia-builder-el-13  avia-builder-el-no-sibling  main_color'  itemscope=\"itemscope\" itemtype=\"https:\/\/schema.org\/CreativeWork\" ><div class=\"iconbox_content\"><header class=\"entry-content-header\"><div class=\"iconbox_icon heading-color\" aria-hidden='true' data-av_icon='\ue80d' data-av_iconfont='entypo-fontello'><\/div><h3 class='iconbox_content_title'  itemprop=\"headline\" >Video<\/h3><\/header><div class='iconbox_content_container'  itemprop=\"text\" ><div style=\"width: 316px;\" class=\"wp-video\"><video class=\"wp-video-shortcode\" id=\"video-3163-1\" width=\"316\" height=\"360\" preload=\"metadata\" controls=\"controls\"><source type=\"video\/mp4\" src=\"https:\/\/www.3sbox.it\/wp-content\/uploads\/2024\/07\/Video_Generico.mp4?_=1\" \/><a href=\"https:\/\/www.3sbox.it\/wp-content\/uploads\/2024\/07\/Video_Generico.mp4\">https:\/\/www.3sbox.it\/wp-content\/uploads\/2024\/07\/Video_Generico.mp4<\/a><\/video><\/div>\n<\/div><\/div><footer class=\"entry-footer\"><\/footer><\/article><\/div><div  class='flex_column av-4m1f3q-66c3b611b7b11d2fd423dd768b9b1e07 av_one_third  avia-builder-el-14  el_after_av_one_third  avia-builder-el-last  flex_column_div  column-top-margin'     ><article  class='iconbox iconbox_top av-2hkag6-2cb24437722d4cb0c0fb7b5a80b06f8e  avia-builder-el-15  avia-builder-el-no-sibling  main_color'  itemscope=\"itemscope\" itemtype=\"https:\/\/schema.org\/CreativeWork\" ><div class=\"iconbox_content\"><header class=\"entry-content-header\"><div class=\"iconbox_icon heading-color\" aria-hidden='true' data-av_icon='\ue805' data-av_iconfont='entypo-fontello'><\/div><h3 class='iconbox_content_title'  itemprop=\"headline\" >Info<\/h3><\/header><div class='iconbox_content_container'  itemprop=\"text\" ><p>F\u00fcr weitere Informationen stehen wir Ihnen gerne unter marketing@bertolinsrl.it oder telefonisch unter +43 660 1155288 zur Verf\u00fcgung.<\/p>\n<\/div><\/div><footer class=\"entry-footer\"><\/footer><\/article><\/div><\/div><\/div><\/div><!-- close content main div --><\/div><\/div><div id='after_section_1'  class='main_color av_default_container_wrap container_wrap sidebar_right'  ><div class='container av-section-cont-open' ><div class='template-page content  av-content-small alpha units'><div class='post-entry post-entry-type-page post-entry-3163'><div class='entry-content-wrapper clearfix'>","protected":false},"excerpt":{"rendered":"","protected":false},"author":1,"featured_media":0,"parent":0,"menu_order":0,"comment_status":"closed","ping_status":"closed","template":"","meta":{"footnotes":""},"class_list":["post-3163","page","type-page","status-publish","hentry"],"_links":{"self":[{"href":"https:\/\/www.3sbox.it\/de\/wp-json\/wp\/v2\/pages\/3163","targetHints":{"allow":["GET"]}}],"collection":[{"href":"https:\/\/www.3sbox.it\/de\/wp-json\/wp\/v2\/pages"}],"about":[{"href":"https:\/\/www.3sbox.it\/de\/wp-json\/wp\/v2\/types\/page"}],"author":[{"embeddable":true,"href":"https:\/\/www.3sbox.it\/de\/wp-json\/wp\/v2\/users\/1"}],"replies":[{"embeddable":true,"href":"https:\/\/www.3sbox.it\/de\/wp-json\/wp\/v2\/comments?post=3163"}],"version-history":[{"count":10,"href":"https:\/\/www.3sbox.it\/de\/wp-json\/wp\/v2\/pages\/3163\/revisions"}],"predecessor-version":[{"id":3318,"href":"https:\/\/www.3sbox.it\/de\/wp-json\/wp\/v2\/pages\/3163\/revisions\/3318"}],"wp:attachment":[{"href":"https:\/\/www.3sbox.it\/de\/wp-json\/wp\/v2\/media?parent=3163"}],"curies":[{"name":"wp","href":"https:\/\/api.w.org\/{rel}","templated":true}]}}