{"id":3159,"date":"2024-06-21T16:25:45","date_gmt":"2024-06-21T14:25:45","guid":{"rendered":"https:\/\/www.3sbox.it\/?page_id=3159"},"modified":"2024-08-01T19:38:46","modified_gmt":"2024-08-01T17:38:46","slug":"home-wow","status":"publish","type":"page","link":"https:\/\/www.3sbox.it\/fr\/home-wow\/","title":{"rendered":"Home &#8211; WoW"},"content":{"rendered":"<div id='full_slider_1'  class='avia-fullwidth-slider main_color avia-shadow   avia-builder-el-0  el_before_av_button  avia-builder-el-first   container_wrap sidebar_right'  ><div  class='avia-slideshow av-li2xpiqa-00765e3e3785d6e388dfa51bc802b081 avia-slideshow-no scaling av_slideshow_full avia-slide-slider av-slideshow-ui av-control-default av-no-slider-navigation av-slideshow-autoplay av-loop-endless av-loop-manual-endless av-default-height-applied   avia-slideshow-1' data-slideshow-options=\"{&quot;animation&quot;:&quot;slide&quot;,&quot;autoplay&quot;:true,&quot;loop_autoplay&quot;:&quot;endless&quot;,&quot;interval&quot;:5,&quot;loop_manual&quot;:&quot;manual-endless&quot;,&quot;autoplay_stopper&quot;:false,&quot;noNavigation&quot;:false,&quot;bg_slider&quot;:false,&quot;keep_padding&quot;:false,&quot;hoverpause&quot;:false,&quot;show_slide_delay&quot;:0}\"  itemprop=\"image\" itemscope=\"itemscope\" itemtype=\"https:\/\/schema.org\/ImageObject\" ><ul class='avia-slideshow-inner' style='padding-bottom: 56.234309623431%;'><li  class='avia-slideshow-slide av-li2xpiqa-00765e3e3785d6e388dfa51bc802b081__0  slide-1 slide-odd'><div data-rel='slideshow-1' class='avia-slide-wrap'   ><img decoding=\"async\" class=\"wp-image-3245 avia-img-lazy-loading-not-3245\"  src=\"https:\/\/www.3sbox.it\/wp-content\/uploads\/2024\/06\/95.png\" width=\"1195\" height=\"672\" title='95' alt=''  itemprop=\"thumbnailUrl\" srcset=\"https:\/\/www.3sbox.it\/wp-content\/uploads\/2024\/06\/95.png 1195w, https:\/\/www.3sbox.it\/wp-content\/uploads\/2024\/06\/95-300x169.png 300w, https:\/\/www.3sbox.it\/wp-content\/uploads\/2024\/06\/95-1030x579.png 1030w, https:\/\/www.3sbox.it\/wp-content\/uploads\/2024\/06\/95-768x432.png 768w, https:\/\/www.3sbox.it\/wp-content\/uploads\/2024\/06\/95-18x10.png 18w, https:\/\/www.3sbox.it\/wp-content\/uploads\/2024\/06\/95-705x396.png 705w\" sizes=\"(max-width: 1195px) 100vw, 1195px\" \/><\/div><\/li><li  class='avia-slideshow-slide av-li2xpiqa-00765e3e3785d6e388dfa51bc802b081__1  slide-2 slide-even'><div data-rel='slideshow-1' class='avia-slide-wrap'   ><img decoding=\"async\" class=\"wp-image-3246 avia-img-lazy-loading-not-3246\"  src=\"https:\/\/www.3sbox.it\/wp-content\/uploads\/2024\/06\/96.png\" width=\"1195\" height=\"672\" title='96' alt=''  itemprop=\"thumbnailUrl\" srcset=\"https:\/\/www.3sbox.it\/wp-content\/uploads\/2024\/06\/96.png 1195w, https:\/\/www.3sbox.it\/wp-content\/uploads\/2024\/06\/96-300x169.png 300w, https:\/\/www.3sbox.it\/wp-content\/uploads\/2024\/06\/96-1030x579.png 1030w, https:\/\/www.3sbox.it\/wp-content\/uploads\/2024\/06\/96-768x432.png 768w, https:\/\/www.3sbox.it\/wp-content\/uploads\/2024\/06\/96-18x10.png 18w, https:\/\/www.3sbox.it\/wp-content\/uploads\/2024\/06\/96-705x396.png 705w\" sizes=\"(max-width: 1195px) 100vw, 1195px\" \/><\/div><\/li><li  class='avia-slideshow-slide av-li2xpiqa-00765e3e3785d6e388dfa51bc802b081__2  slide-3 slide-odd'><div data-rel='slideshow-1' class='avia-slide-wrap'   ><img decoding=\"async\" class=\"wp-image-3281 avia-img-lazy-loading-not-3281\"  src=\"https:\/\/www.3sbox.it\/wp-content\/uploads\/2024\/07\/personalizzate.png\" width=\"1195\" height=\"672\" title='personalizzate' alt=''  itemprop=\"thumbnailUrl\" srcset=\"https:\/\/www.3sbox.it\/wp-content\/uploads\/2024\/07\/personalizzate.png 1195w, https:\/\/www.3sbox.it\/wp-content\/uploads\/2024\/07\/personalizzate-300x169.png 300w, https:\/\/www.3sbox.it\/wp-content\/uploads\/2024\/07\/personalizzate-1030x579.png 1030w, https:\/\/www.3sbox.it\/wp-content\/uploads\/2024\/07\/personalizzate-768x432.png 768w, https:\/\/www.3sbox.it\/wp-content\/uploads\/2024\/07\/personalizzate-18x10.png 18w, https:\/\/www.3sbox.it\/wp-content\/uploads\/2024\/07\/personalizzate-705x396.png 705w\" sizes=\"(max-width: 1195px) 100vw, 1195px\" \/><\/div><\/li><li  class='avia-slideshow-slide av-li2xpiqa-00765e3e3785d6e388dfa51bc802b081__3  slide-4 slide-even'><div data-rel='slideshow-1' class='avia-slide-wrap'   ><img decoding=\"async\" class=\"wp-image-3335 avia-img-lazy-loading-not-3335\"  src=\"https:\/\/www.3sbox.it\/wp-content\/uploads\/2024\/08\/123.png\" width=\"1195\" height=\"672\" title='123' alt=''  itemprop=\"thumbnailUrl\" srcset=\"https:\/\/www.3sbox.it\/wp-content\/uploads\/2024\/08\/123.png 1195w, https:\/\/www.3sbox.it\/wp-content\/uploads\/2024\/08\/123-300x169.png 300w, https:\/\/www.3sbox.it\/wp-content\/uploads\/2024\/08\/123-1030x579.png 1030w, https:\/\/www.3sbox.it\/wp-content\/uploads\/2024\/08\/123-768x432.png 768w, https:\/\/www.3sbox.it\/wp-content\/uploads\/2024\/08\/123-18x10.png 18w, https:\/\/www.3sbox.it\/wp-content\/uploads\/2024\/08\/123-705x396.png 705w\" sizes=\"(max-width: 1195px) 100vw, 1195px\" \/><\/div><\/li><li  class='avia-slideshow-slide av-li2xpiqa-00765e3e3785d6e388dfa51bc802b081__4  slide-5 slide-odd'><div data-rel='slideshow-1' class='avia-slide-wrap'   ><img decoding=\"async\" class=\"wp-image-3336 avia-img-lazy-loading-not-3336\"  src=\"https:\/\/www.3sbox.it\/wp-content\/uploads\/2024\/08\/124.png\" width=\"1195\" height=\"672\" title='124' alt=''  itemprop=\"thumbnailUrl\" srcset=\"https:\/\/www.3sbox.it\/wp-content\/uploads\/2024\/08\/124.png 1195w, https:\/\/www.3sbox.it\/wp-content\/uploads\/2024\/08\/124-300x169.png 300w, https:\/\/www.3sbox.it\/wp-content\/uploads\/2024\/08\/124-1030x579.png 1030w, https:\/\/www.3sbox.it\/wp-content\/uploads\/2024\/08\/124-768x432.png 768w, https:\/\/www.3sbox.it\/wp-content\/uploads\/2024\/08\/124-18x10.png 18w, https:\/\/www.3sbox.it\/wp-content\/uploads\/2024\/08\/124-705x396.png 705w\" sizes=\"(max-width: 1195px) 100vw, 1195px\" \/><\/div><\/li><li  class='avia-slideshow-slide av-li2xpiqa-00765e3e3785d6e388dfa51bc802b081__5  slide-6 slide-even'><div data-rel='slideshow-1' class='avia-slide-wrap'   ><img decoding=\"async\" class=\"wp-image-3337 avia-img-lazy-loading-not-3337\"  src=\"https:\/\/www.3sbox.it\/wp-content\/uploads\/2024\/08\/125.png\" width=\"1195\" height=\"672\" title='125' alt=''  itemprop=\"thumbnailUrl\" srcset=\"https:\/\/www.3sbox.it\/wp-content\/uploads\/2024\/08\/125.png 1195w, https:\/\/www.3sbox.it\/wp-content\/uploads\/2024\/08\/125-300x169.png 300w, https:\/\/www.3sbox.it\/wp-content\/uploads\/2024\/08\/125-1030x579.png 1030w, https:\/\/www.3sbox.it\/wp-content\/uploads\/2024\/08\/125-768x432.png 768w, https:\/\/www.3sbox.it\/wp-content\/uploads\/2024\/08\/125-18x10.png 18w, https:\/\/www.3sbox.it\/wp-content\/uploads\/2024\/08\/125-705x396.png 705w\" sizes=\"(max-width: 1195px) 100vw, 1195px\" \/><\/div><\/li><li  class='avia-slideshow-slide av-li2xpiqa-00765e3e3785d6e388dfa51bc802b081__6  slide-7 slide-odd'><div data-rel='slideshow-1' class='avia-slide-wrap'   ><img decoding=\"async\" class=\"wp-image-3338 avia-img-lazy-loading-not-3338\"  src=\"https:\/\/www.3sbox.it\/wp-content\/uploads\/2024\/08\/126.png\" width=\"1195\" height=\"672\" title='126' alt=''  itemprop=\"thumbnailUrl\" srcset=\"https:\/\/www.3sbox.it\/wp-content\/uploads\/2024\/08\/126.png 1195w, https:\/\/www.3sbox.it\/wp-content\/uploads\/2024\/08\/126-300x169.png 300w, https:\/\/www.3sbox.it\/wp-content\/uploads\/2024\/08\/126-1030x579.png 1030w, https:\/\/www.3sbox.it\/wp-content\/uploads\/2024\/08\/126-768x432.png 768w, https:\/\/www.3sbox.it\/wp-content\/uploads\/2024\/08\/126-18x10.png 18w, https:\/\/www.3sbox.it\/wp-content\/uploads\/2024\/08\/126-705x396.png 705w\" sizes=\"(max-width: 1195px) 100vw, 1195px\" \/><\/div><\/li><li  class='avia-slideshow-slide av-li2xpiqa-00765e3e3785d6e388dfa51bc802b081__7  slide-8 slide-even'><div data-rel='slideshow-1' class='avia-slide-wrap'   ><img decoding=\"async\" class=\"wp-image-3339 avia-img-lazy-loading-not-3339\"  src=\"https:\/\/www.3sbox.it\/wp-content\/uploads\/2024\/08\/127.png\" width=\"1195\" height=\"672\" title='127' alt=''  itemprop=\"thumbnailUrl\" srcset=\"https:\/\/www.3sbox.it\/wp-content\/uploads\/2024\/08\/127.png 1195w, https:\/\/www.3sbox.it\/wp-content\/uploads\/2024\/08\/127-300x169.png 300w, https:\/\/www.3sbox.it\/wp-content\/uploads\/2024\/08\/127-1030x579.png 1030w, https:\/\/www.3sbox.it\/wp-content\/uploads\/2024\/08\/127-768x432.png 768w, https:\/\/www.3sbox.it\/wp-content\/uploads\/2024\/08\/127-18x10.png 18w, https:\/\/www.3sbox.it\/wp-content\/uploads\/2024\/08\/127-705x396.png 705w\" sizes=\"(max-width: 1195px) 100vw, 1195px\" \/><\/div><\/li><li  class='avia-slideshow-slide av-li2xpiqa-00765e3e3785d6e388dfa51bc802b081__8  slide-9 slide-odd'><div data-rel='slideshow-1' class='avia-slide-wrap'   ><img decoding=\"async\" class=\"wp-image-3340 avia-img-lazy-loading-not-3340\"  src=\"https:\/\/www.3sbox.it\/wp-content\/uploads\/2024\/08\/128.png\" width=\"1195\" height=\"672\" title='128' alt=''  itemprop=\"thumbnailUrl\" srcset=\"https:\/\/www.3sbox.it\/wp-content\/uploads\/2024\/08\/128.png 1195w, https:\/\/www.3sbox.it\/wp-content\/uploads\/2024\/08\/128-300x169.png 300w, https:\/\/www.3sbox.it\/wp-content\/uploads\/2024\/08\/128-1030x579.png 1030w, https:\/\/www.3sbox.it\/wp-content\/uploads\/2024\/08\/128-768x432.png 768w, https:\/\/www.3sbox.it\/wp-content\/uploads\/2024\/08\/128-18x10.png 18w, https:\/\/www.3sbox.it\/wp-content\/uploads\/2024\/08\/128-705x396.png 705w\" sizes=\"(max-width: 1195px) 100vw, 1195px\" \/><\/div><\/li><li  class='avia-slideshow-slide av-li2xpiqa-00765e3e3785d6e388dfa51bc802b081__9  slide-10 slide-even'><div data-rel='slideshow-1' class='avia-slide-wrap'   ><img decoding=\"async\" class=\"wp-image-3341 avia-img-lazy-loading-not-3341\"  src=\"https:\/\/www.3sbox.it\/wp-content\/uploads\/2024\/08\/129.png\" width=\"1195\" height=\"672\" title='129' alt=''  itemprop=\"thumbnailUrl\" srcset=\"https:\/\/www.3sbox.it\/wp-content\/uploads\/2024\/08\/129.png 1195w, https:\/\/www.3sbox.it\/wp-content\/uploads\/2024\/08\/129-300x169.png 300w, https:\/\/www.3sbox.it\/wp-content\/uploads\/2024\/08\/129-1030x579.png 1030w, https:\/\/www.3sbox.it\/wp-content\/uploads\/2024\/08\/129-768x432.png 768w, https:\/\/www.3sbox.it\/wp-content\/uploads\/2024\/08\/129-18x10.png 18w, https:\/\/www.3sbox.it\/wp-content\/uploads\/2024\/08\/129-705x396.png 705w\" sizes=\"(max-width: 1195px) 100vw, 1195px\" \/><\/div><\/li><li  class='avia-slideshow-slide av-li2xpiqa-00765e3e3785d6e388dfa51bc802b081__10  slide-11 slide-odd'><div data-rel='slideshow-1' class='avia-slide-wrap'   ><img decoding=\"async\" class=\"wp-image-3342 avia-img-lazy-loading-not-3342\"  src=\"https:\/\/www.3sbox.it\/wp-content\/uploads\/2024\/08\/130.png\" width=\"1195\" height=\"672\" title='130' alt=''  itemprop=\"thumbnailUrl\" srcset=\"https:\/\/www.3sbox.it\/wp-content\/uploads\/2024\/08\/130.png 1195w, https:\/\/www.3sbox.it\/wp-content\/uploads\/2024\/08\/130-300x169.png 300w, https:\/\/www.3sbox.it\/wp-content\/uploads\/2024\/08\/130-1030x579.png 1030w, https:\/\/www.3sbox.it\/wp-content\/uploads\/2024\/08\/130-768x432.png 768w, https:\/\/www.3sbox.it\/wp-content\/uploads\/2024\/08\/130-18x10.png 18w, https:\/\/www.3sbox.it\/wp-content\/uploads\/2024\/08\/130-705x396.png 705w\" sizes=\"(max-width: 1195px) 100vw, 1195px\" \/><\/div><\/li><li  class='avia-slideshow-slide av-li2xpiqa-00765e3e3785d6e388dfa51bc802b081__11  slide-12 slide-even'><div data-rel='slideshow-1' class='avia-slide-wrap'   ><img decoding=\"async\" class=\"wp-image-3343 avia-img-lazy-loading-not-3343\"  src=\"https:\/\/www.3sbox.it\/wp-content\/uploads\/2024\/08\/131.png\" width=\"1195\" height=\"672\" title='131' alt=''  itemprop=\"thumbnailUrl\" srcset=\"https:\/\/www.3sbox.it\/wp-content\/uploads\/2024\/08\/131.png 1195w, https:\/\/www.3sbox.it\/wp-content\/uploads\/2024\/08\/131-300x169.png 300w, https:\/\/www.3sbox.it\/wp-content\/uploads\/2024\/08\/131-1030x579.png 1030w, https:\/\/www.3sbox.it\/wp-content\/uploads\/2024\/08\/131-768x432.png 768w, https:\/\/www.3sbox.it\/wp-content\/uploads\/2024\/08\/131-18x10.png 18w, https:\/\/www.3sbox.it\/wp-content\/uploads\/2024\/08\/131-705x396.png 705w\" sizes=\"(max-width: 1195px) 100vw, 1195px\" \/><\/div><\/li><li  class='avia-slideshow-slide av-li2xpiqa-00765e3e3785d6e388dfa51bc802b081__12  slide-13 slide-odd'><div data-rel='slideshow-1' class='avia-slide-wrap'   ><img decoding=\"async\" class=\"wp-image-3344 avia-img-lazy-loading-not-3344\"  src=\"https:\/\/www.3sbox.it\/wp-content\/uploads\/2024\/08\/132.png\" width=\"1195\" height=\"672\" title='132' alt=''  itemprop=\"thumbnailUrl\" srcset=\"https:\/\/www.3sbox.it\/wp-content\/uploads\/2024\/08\/132.png 1195w, https:\/\/www.3sbox.it\/wp-content\/uploads\/2024\/08\/132-300x169.png 300w, https:\/\/www.3sbox.it\/wp-content\/uploads\/2024\/08\/132-1030x579.png 1030w, https:\/\/www.3sbox.it\/wp-content\/uploads\/2024\/08\/132-768x432.png 768w, https:\/\/www.3sbox.it\/wp-content\/uploads\/2024\/08\/132-18x10.png 18w, https:\/\/www.3sbox.it\/wp-content\/uploads\/2024\/08\/132-705x396.png 705w\" sizes=\"(max-width: 1195px) 100vw, 1195px\" \/><\/div><\/li><li  class='avia-slideshow-slide av-li2xpiqa-00765e3e3785d6e388dfa51bc802b081__13  slide-14 slide-even'><div data-rel='slideshow-1' class='avia-slide-wrap'   ><img decoding=\"async\" class=\"wp-image-3345 avia-img-lazy-loading-not-3345\"  src=\"https:\/\/www.3sbox.it\/wp-content\/uploads\/2024\/08\/133.png\" width=\"1195\" height=\"672\" title='133' alt=''  itemprop=\"thumbnailUrl\" srcset=\"https:\/\/www.3sbox.it\/wp-content\/uploads\/2024\/08\/133.png 1195w, https:\/\/www.3sbox.it\/wp-content\/uploads\/2024\/08\/133-300x169.png 300w, https:\/\/www.3sbox.it\/wp-content\/uploads\/2024\/08\/133-1030x579.png 1030w, https:\/\/www.3sbox.it\/wp-content\/uploads\/2024\/08\/133-768x432.png 768w, https:\/\/www.3sbox.it\/wp-content\/uploads\/2024\/08\/133-18x10.png 18w, https:\/\/www.3sbox.it\/wp-content\/uploads\/2024\/08\/133-705x396.png 705w\" sizes=\"(max-width: 1195px) 100vw, 1195px\" \/><\/div><\/li><\/ul><div class='avia-slideshow-arrows avia-slideshow-controls' ><a href='#prev' class='prev-slide' aria-hidden='true' data-av_icon='\ue87c' data-av_iconfont='entypo-fontello'  tabindex='-1'>Pr\u00e9c\u00e9dent<\/a><a href='#next' class='next-slide' aria-hidden='true' data-av_icon='\ue87d' data-av_iconfont='entypo-fontello'  tabindex='-1'>Suivant<\/a><\/div><\/div><\/div><div id='after_full_slider_1'  class='main_color av_default_container_wrap container_wrap sidebar_right'  ><div class='container av-section-cont-open' ><div class='template-page content  av-content-small alpha units'><div class='post-entry post-entry-type-page post-entry-3159'><div class='entry-content-wrapper clearfix'>\n<div  id=\"httpswww3sboxitgallery\"  class='avia-button-wrap av-li4omsms-8cd4d9bcd81fcc7e7919dfc16a6f5fa2-wrap avia-button-center  avia-builder-el-1  el_after_av_slideshow_full  el_before_av_heading  avia-builder-el-first'><a href='https:\/\/www.3sbox.it\/fr\/galerie-wow\/'  class='avia-button av-li4omsms-8cd4d9bcd81fcc7e7919dfc16a6f5fa2 avia-icon_select-yes-right-icon avia-size-small avia-position-center avia-color-theme-color'  ><span class='avia_iconbox_title' >Gallery<\/span><span class='avia_button_icon avia_button_icon_right' aria-hidden='true' data-av_icon='\ue873' data-av_iconfont='entypo-fontello'><\/span><\/a><\/div>\n\n<style type=\"text\/css\" data-created_by=\"avia_inline_auto\" id=\"style-css-av-li4f7jfd-d8eec0593bfc23f21bb5fd7c5721eaaa\">\n#top .av-special-heading.av-li4f7jfd-d8eec0593bfc23f21bb5fd7c5721eaaa{\npadding-bottom:10px;\n}\nbody .av-special-heading.av-li4f7jfd-d8eec0593bfc23f21bb5fd7c5721eaaa .av-special-heading-tag .heading-char{\nfont-size:25px;\n}\n.av-special-heading.av-li4f7jfd-d8eec0593bfc23f21bb5fd7c5721eaaa .av-subheading{\nfont-size:15px;\n}\n<\/style>\n<div  class='av-special-heading av-li4f7jfd-d8eec0593bfc23f21bb5fd7c5721eaaa av-special-heading-h2 blockquote modern-quote modern-centered  avia-builder-el-2  el_after_av_button  el_before_av_section  avia-builder-el-last'><h2 class='av-special-heading-tag'  itemprop=\"headline\"  >Coffret WoW<\/h2><div class=\"special-heading-border\"><div class=\"special-heading-inner-border\"><\/div><\/div><\/div>\n<\/div><\/div><\/div><!-- close content main div --><\/div><\/div><div id='ih-center-align-columns'  class='avia-section av-li2yz05z-f6a2ecdf2a149e79974b7d283e9b1658 main_color avia-section-default avia-no-border-styling  avia-builder-el-3  el_after_av_heading  avia-builder-el-last  avia-bg-style-scroll container_wrap sidebar_right'  ><div class='container av-section-cont-open' ><div class='template-page content  av-content-small alpha units'><div class='post-entry post-entry-type-page post-entry-3159'><div class='entry-content-wrapper clearfix'>\n<div  class='flex_column av-9fw7gm-253ccfb397379fbf1b183da167729d5e av_one_third  avia-builder-el-4  el_before_av_one_third  avia-builder-el-first  first flex_column_div'     ><article  class='iconbox iconbox_top av-li2yj0gz-a4434a63a1749735246b2d6a5f8d91db  avia-builder-el-5  avia-builder-el-no-sibling  main_color'  itemscope=\"itemscope\" itemtype=\"https:\/\/schema.org\/CreativeWork\" ><div class=\"iconbox_content\"><header class=\"entry-content-header\"><div class=\"iconbox_icon heading-color\" aria-hidden='true' data-av_icon='\ue836' data-av_iconfont='entypo-fontello'><\/div><h3 class='iconbox_content_title'  itemprop=\"headline\" >Produit<\/h3><\/header><div class='iconbox_content_container'  itemprop=\"text\" ><p>Notre coffret \u00e0 vin brevet\u00e9 WoW : la rencontre de la praticit\u00e9 et de l'\u00e9l\u00e9gance.<\/p>\n<\/div><\/div><footer class=\"entry-footer\"><\/footer><\/article><\/div><div  class='flex_column av-kg63zq-3881e81c768028f4bf965c22bcd5fb63 av_one_third  avia-builder-el-6  el_after_av_one_third  el_before_av_one_third  flex_column_div'     ><article  class='iconbox iconbox_top av-j2k9va-a6061023f6c4e2dcc5f6a6bb091bce11  avia-builder-el-7  avia-builder-el-no-sibling  main_color'  itemscope=\"itemscope\" itemtype=\"https:\/\/schema.org\/CreativeWork\" ><div class=\"iconbox_content\"><header class=\"entry-content-header\"><div class=\"iconbox_icon heading-color\" aria-hidden='true' data-av_icon='\ue84d' data-av_iconfont='entypo-fontello'><\/div><h3 class='iconbox_content_title'  itemprop=\"headline\" >Caract\u00e9ristiques<\/h3><\/header><div class='iconbox_content_container'  itemprop=\"text\" ><p>Tr\u00e8s polyvalent, il convient \u00e0 tous les types de bouteilles, m\u00eame de tailles diff\u00e9rentes. Fabriqu\u00e9 en une seule pi\u00e8ce pour un assemblage rapide et facile. Con\u00e7ue avec support de goulot de bouteille suppl\u00e9mentaire et amovible pour assurer une meilleure stabilit\u00e9 et une meilleure s\u00e9curit\u00e9 \u00e0 vos vins. Peut contenir de 1 \u00e0 4 bouteilles.<\/p>\n<\/div><\/div><footer class=\"entry-footer\"><\/footer><\/article><\/div><div  class='flex_column av-gimy2e-b6c9c67ed0638d0c7a7030d3a2c7e071 av_one_third  avia-builder-el-8  el_after_av_one_third  el_before_av_one_third  flex_column_div'     ><article  class='iconbox iconbox_top av-dt8uxi-f4577d1827ea12c18399ff7b8e8c0d0d  avia-builder-el-9  avia-builder-el-no-sibling  main_color'  itemscope=\"itemscope\" itemtype=\"https:\/\/schema.org\/CreativeWork\" ><div class=\"iconbox_content\"><header class=\"entry-content-header\"><div class=\"iconbox_icon heading-color\" aria-hidden='true' data-av_icon='\ue838' data-av_iconfont='entypo-fontello'><\/div><h3 class='iconbox_content_title'  itemprop=\"headline\" >Impression<\/h3><\/header><div class='iconbox_content_container'  itemprop=\"text\" ><p>Les cartons peuvent \u00eatre imprim\u00e9s en flexographie jusqu'\u00e0 6 couleurs, tant \u00e0 l'int\u00e9rieur qu'\u00e0 l'ext\u00e9rieur. Il est \u00e9galement possible de les produire en kraft havane, en kraft blanc et en kraft blanc couch\u00e9, ainsi qu'avec des couleurs m\u00e9tallis\u00e9es.<\/p>\n<\/div><\/div><footer class=\"entry-footer\"><\/footer><\/article><\/div><div  class='flex_column av-qw7ba-6573df67a05a71b679df0397c73efa75 av_one_third  avia-builder-el-10  el_after_av_one_third  el_before_av_one_third  first flex_column_div  column-top-margin'     ><article  class='iconbox iconbox_top av-54kuvq-e72ce5baa651daf084284823b76bb9d4  avia-builder-el-11  avia-builder-el-no-sibling  main_color'  itemscope=\"itemscope\" itemtype=\"https:\/\/schema.org\/CreativeWork\" ><div class=\"iconbox_content\"><header class=\"entry-content-header\"><div class=\"iconbox_icon heading-color\" aria-hidden='true' data-av_icon='\ue8b8' data-av_iconfont='entypo-fontello'><\/div><h3 class='iconbox_content_title'  itemprop=\"headline\" >\u00c9cologique<\/h3><\/header><div class='iconbox_content_container'  itemprop=\"text\" ><p>Les produits sont \u00e9cologiques et 100 % recyclables, imprim\u00e9s en flexographie avec des couleurs \u00e0 base d'eau et certifi\u00e9s FSC. Aucun adh\u00e9sif n'est n\u00e9cessaire pour la fermeture.<\/p>\n<\/div><\/div><footer class=\"entry-footer\"><\/footer><\/article><\/div><div  class='flex_column av-77m1y-8798de3839f6cfd59ee0d10ab1e6ca6d av_one_third  avia-builder-el-12  el_after_av_one_third  el_before_av_one_third  flex_column_div  column-top-margin'     ><article  class='iconbox iconbox_top av-li4npxol-b138a513656777a9a414066545d0e773  avia-builder-el-13  avia-builder-el-no-sibling  main_color'  itemscope=\"itemscope\" itemtype=\"https:\/\/schema.org\/CreativeWork\" ><div class=\"iconbox_content\"><header class=\"entry-content-header\"><div class=\"iconbox_icon heading-color\" aria-hidden='true' data-av_icon='\ue80d' data-av_iconfont='entypo-fontello'><\/div><h3 class='iconbox_content_title'  itemprop=\"headline\" >Video<\/h3><\/header><div class='iconbox_content_container'  itemprop=\"text\" ><div style=\"width: 316px;\" class=\"wp-video\"><video class=\"wp-video-shortcode\" id=\"video-3159-1\" width=\"316\" height=\"360\" preload=\"metadata\" controls=\"controls\"><source type=\"video\/mp4\" src=\"https:\/\/www.3sbox.it\/wp-content\/uploads\/2024\/07\/WoW.mp4?_=1\" \/><a href=\"https:\/\/www.3sbox.it\/wp-content\/uploads\/2024\/07\/WoW.mp4\">https:\/\/www.3sbox.it\/wp-content\/uploads\/2024\/07\/WoW.mp4<\/a><\/video><\/div>\n<\/div><\/div><footer class=\"entry-footer\"><\/footer><\/article><\/div><div  class='flex_column av-4m1f3q-66c3b611b7b11d2fd423dd768b9b1e07 av_one_third  avia-builder-el-14  el_after_av_one_third  avia-builder-el-last  flex_column_div  column-top-margin'     ><p><article  class='iconbox iconbox_top av-2hkag6-2cb24437722d4cb0c0fb7b5a80b06f8e  avia-builder-el-15  el_before_av_button  avia-builder-el-first  main_color'  itemscope=\"itemscope\" itemtype=\"https:\/\/schema.org\/CreativeWork\" ><div class=\"iconbox_content\"><header class=\"entry-content-header\"><div class=\"iconbox_icon heading-color\" aria-hidden='true' data-av_icon='\ue805' data-av_iconfont='entypo-fontello'><\/div><h3 class='iconbox_content_title'  itemprop=\"headline\" >Info<\/h3><\/header><div class='iconbox_content_container'  itemprop=\"text\" ><p>Pour plus d'informations, n'h\u00e9sitez pas \u00e0 nous contacter \u00e0 l'adresse marketing@bertolinsrl.it ou par t\u00e9l\u00e9phone au +43 660 1155288.<\/p>\n<\/div><\/div><footer class=\"entry-footer\"><\/footer><\/article><br \/>\n<div  id=\"httpswww3sboxitgallery\"  class='avia-button-wrap av-lyitxjt4-b636701ba500b1df83dc37dda548b9cf-wrap avia-button-center  avia-builder-el-16  el_after_av_icon_box  avia-builder-el-last'><a href='https:\/\/www.3sbox.it\/wp-content\/uploads\/2024\/07\/WoW_Box_FR.pdf'  class='avia-button av-lyitxjt4-b636701ba500b1df83dc37dda548b9cf avia-icon_select-yes-right-icon avia-size-small avia-position-center avia-color-theme-color'  ><span class='avia_iconbox_title' >PDF<\/span><span class='avia_button_icon avia_button_icon_right' aria-hidden='true' data-av_icon='\ue873' data-av_iconfont='entypo-fontello'><\/span><\/a><\/div><\/p><\/div>\n<\/div><\/div><\/div><!-- close content main div --><\/div><\/div><div id='after_section_1'  class='main_color av_default_container_wrap container_wrap sidebar_right'  ><div class='container av-section-cont-open' ><div class='template-page content  av-content-small alpha units'><div class='post-entry post-entry-type-page post-entry-3159'><div class='entry-content-wrapper clearfix'>","protected":false},"excerpt":{"rendered":"","protected":false},"author":1,"featured_media":0,"parent":0,"menu_order":0,"comment_status":"closed","ping_status":"closed","template":"","meta":{"footnotes":""},"class_list":["post-3159","page","type-page","status-publish","hentry"],"_links":{"self":[{"href":"https:\/\/www.3sbox.it\/fr\/wp-json\/wp\/v2\/pages\/3159","targetHints":{"allow":["GET"]}}],"collection":[{"href":"https:\/\/www.3sbox.it\/fr\/wp-json\/wp\/v2\/pages"}],"about":[{"href":"https:\/\/www.3sbox.it\/fr\/wp-json\/wp\/v2\/types\/page"}],"author":[{"embeddable":true,"href":"https:\/\/www.3sbox.it\/fr\/wp-json\/wp\/v2\/users\/1"}],"replies":[{"embeddable":true,"href":"https:\/\/www.3sbox.it\/fr\/wp-json\/wp\/v2\/comments?post=3159"}],"version-history":[{"count":11,"href":"https:\/\/www.3sbox.it\/fr\/wp-json\/wp\/v2\/pages\/3159\/revisions"}],"predecessor-version":[{"id":3346,"href":"https:\/\/www.3sbox.it\/fr\/wp-json\/wp\/v2\/pages\/3159\/revisions\/3346"}],"wp:attachment":[{"href":"https:\/\/www.3sbox.it\/fr\/wp-json\/wp\/v2\/media?parent=3159"}],"curies":[{"name":"wp","href":"https:\/\/api.w.org\/{rel}","templated":true}]}}