{"id":3161,"date":"2024-06-21T16:50:10","date_gmt":"2024-06-21T14:50:10","guid":{"rendered":"https:\/\/www.3sbox.it\/?page_id=3161"},"modified":"2024-07-11T16:18:21","modified_gmt":"2024-07-11T14:18:21","slug":"home-scatole-regalo","status":"publish","type":"page","link":"https:\/\/www.3sbox.it\/fr\/home-scatole-regalo\/","title":{"rendered":"Home &#8211; Scatole regalo"},"content":{"rendered":"<div id='full_slider_1'  class='avia-fullwidth-slider main_color avia-shadow   avia-builder-el-0  el_before_av_button  avia-builder-el-first   container_wrap sidebar_right'  ><div  class='avia-slideshow av-li2xpiqa-00765e3e3785d6e388dfa51bc802b081 avia-slideshow-no scaling av_slideshow_full avia-slide-slider av-slideshow-ui av-control-default av-no-slider-navigation av-slideshow-autoplay av-loop-endless av-loop-manual-endless av-default-height-applied   avia-slideshow-1' data-slideshow-options=\"{&quot;animation&quot;:&quot;slide&quot;,&quot;autoplay&quot;:true,&quot;loop_autoplay&quot;:&quot;endless&quot;,&quot;interval&quot;:5,&quot;loop_manual&quot;:&quot;manual-endless&quot;,&quot;autoplay_stopper&quot;:false,&quot;noNavigation&quot;:false,&quot;bg_slider&quot;:false,&quot;keep_padding&quot;:false,&quot;hoverpause&quot;:false,&quot;show_slide_delay&quot;:0}\"  itemprop=\"image\" itemscope=\"itemscope\" itemtype=\"https:\/\/schema.org\/ImageObject\" ><ul class='avia-slideshow-inner' style='padding-bottom: 56.234309623431%;'><li  class='avia-slideshow-slide av-li2xpiqa-00765e3e3785d6e388dfa51bc802b081__0  slide-1 slide-odd'><div data-rel='slideshow-1' class='avia-slide-wrap'   ><img decoding=\"async\" class=\"wp-image-3284 avia-img-lazy-loading-not-3284\"  src=\"https:\/\/www.3sbox.it\/wp-content\/uploads\/2024\/07\/106.png\" width=\"1195\" height=\"672\" title='106' alt=''  itemprop=\"thumbnailUrl\" srcset=\"https:\/\/www.3sbox.it\/wp-content\/uploads\/2024\/07\/106.png 1195w, https:\/\/www.3sbox.it\/wp-content\/uploads\/2024\/07\/106-300x169.png 300w, https:\/\/www.3sbox.it\/wp-content\/uploads\/2024\/07\/106-1030x579.png 1030w, https:\/\/www.3sbox.it\/wp-content\/uploads\/2024\/07\/106-768x432.png 768w, https:\/\/www.3sbox.it\/wp-content\/uploads\/2024\/07\/106-18x10.png 18w, https:\/\/www.3sbox.it\/wp-content\/uploads\/2024\/07\/106-705x396.png 705w\" sizes=\"(max-width: 1195px) 100vw, 1195px\" \/><\/div><\/li><li  class='avia-slideshow-slide av-li2xpiqa-00765e3e3785d6e388dfa51bc802b081__1  slide-2 slide-even'><div data-rel='slideshow-1' class='avia-slide-wrap'   ><img decoding=\"async\" class=\"wp-image-3285 avia-img-lazy-loading-not-3285\"  src=\"https:\/\/www.3sbox.it\/wp-content\/uploads\/2024\/07\/107.png\" width=\"1195\" height=\"672\" title='107' alt=''  itemprop=\"thumbnailUrl\" srcset=\"https:\/\/www.3sbox.it\/wp-content\/uploads\/2024\/07\/107.png 1195w, https:\/\/www.3sbox.it\/wp-content\/uploads\/2024\/07\/107-300x169.png 300w, https:\/\/www.3sbox.it\/wp-content\/uploads\/2024\/07\/107-1030x579.png 1030w, https:\/\/www.3sbox.it\/wp-content\/uploads\/2024\/07\/107-768x432.png 768w, https:\/\/www.3sbox.it\/wp-content\/uploads\/2024\/07\/107-18x10.png 18w, https:\/\/www.3sbox.it\/wp-content\/uploads\/2024\/07\/107-705x396.png 705w\" sizes=\"(max-width: 1195px) 100vw, 1195px\" \/><\/div><\/li><li  class='avia-slideshow-slide av-li2xpiqa-00765e3e3785d6e388dfa51bc802b081__2  slide-3 slide-odd'><div data-rel='slideshow-1' class='avia-slide-wrap'   ><img decoding=\"async\" class=\"wp-image-3286 avia-img-lazy-loading-not-3286\"  src=\"https:\/\/www.3sbox.it\/wp-content\/uploads\/2024\/07\/108.png\" width=\"1195\" height=\"672\" title='108' alt=''  itemprop=\"thumbnailUrl\" srcset=\"https:\/\/www.3sbox.it\/wp-content\/uploads\/2024\/07\/108.png 1195w, https:\/\/www.3sbox.it\/wp-content\/uploads\/2024\/07\/108-300x169.png 300w, https:\/\/www.3sbox.it\/wp-content\/uploads\/2024\/07\/108-1030x579.png 1030w, https:\/\/www.3sbox.it\/wp-content\/uploads\/2024\/07\/108-768x432.png 768w, https:\/\/www.3sbox.it\/wp-content\/uploads\/2024\/07\/108-18x10.png 18w, https:\/\/www.3sbox.it\/wp-content\/uploads\/2024\/07\/108-705x396.png 705w\" sizes=\"(max-width: 1195px) 100vw, 1195px\" \/><\/div><\/li><li  class='avia-slideshow-slide av-li2xpiqa-00765e3e3785d6e388dfa51bc802b081__3  slide-4 slide-even'><div data-rel='slideshow-1' class='avia-slide-wrap'   ><img decoding=\"async\" class=\"wp-image-3287 avia-img-lazy-loading-not-3287\"  src=\"https:\/\/www.3sbox.it\/wp-content\/uploads\/2024\/07\/109.png\" width=\"1195\" height=\"672\" title='109' alt=''  itemprop=\"thumbnailUrl\" srcset=\"https:\/\/www.3sbox.it\/wp-content\/uploads\/2024\/07\/109.png 1195w, https:\/\/www.3sbox.it\/wp-content\/uploads\/2024\/07\/109-300x169.png 300w, https:\/\/www.3sbox.it\/wp-content\/uploads\/2024\/07\/109-1030x579.png 1030w, https:\/\/www.3sbox.it\/wp-content\/uploads\/2024\/07\/109-768x432.png 768w, https:\/\/www.3sbox.it\/wp-content\/uploads\/2024\/07\/109-18x10.png 18w, https:\/\/www.3sbox.it\/wp-content\/uploads\/2024\/07\/109-705x396.png 705w\" sizes=\"(max-width: 1195px) 100vw, 1195px\" \/><\/div><\/li><li  class='avia-slideshow-slide av-li2xpiqa-00765e3e3785d6e388dfa51bc802b081__4  slide-5 slide-odd'><div data-rel='slideshow-1' class='avia-slide-wrap'   ><img decoding=\"async\" class=\"wp-image-3288 avia-img-lazy-loading-not-3288\"  src=\"https:\/\/www.3sbox.it\/wp-content\/uploads\/2024\/07\/110.png\" width=\"1195\" height=\"672\" title='110' alt=''  itemprop=\"thumbnailUrl\" srcset=\"https:\/\/www.3sbox.it\/wp-content\/uploads\/2024\/07\/110.png 1195w, https:\/\/www.3sbox.it\/wp-content\/uploads\/2024\/07\/110-300x169.png 300w, https:\/\/www.3sbox.it\/wp-content\/uploads\/2024\/07\/110-1030x579.png 1030w, https:\/\/www.3sbox.it\/wp-content\/uploads\/2024\/07\/110-768x432.png 768w, https:\/\/www.3sbox.it\/wp-content\/uploads\/2024\/07\/110-18x10.png 18w, https:\/\/www.3sbox.it\/wp-content\/uploads\/2024\/07\/110-705x396.png 705w\" sizes=\"(max-width: 1195px) 100vw, 1195px\" \/><\/div><\/li><li  class='avia-slideshow-slide av-li2xpiqa-00765e3e3785d6e388dfa51bc802b081__5  slide-6 slide-even'><div data-rel='slideshow-1' class='avia-slide-wrap'   ><img decoding=\"async\" class=\"wp-image-3225 avia-img-lazy-loading-not-3225\"  src=\"https:\/\/www.3sbox.it\/wp-content\/uploads\/2024\/06\/78.png\" width=\"1195\" height=\"672\" title='78' alt=''  itemprop=\"thumbnailUrl\" srcset=\"https:\/\/www.3sbox.it\/wp-content\/uploads\/2024\/06\/78.png 1195w, https:\/\/www.3sbox.it\/wp-content\/uploads\/2024\/06\/78-300x169.png 300w, https:\/\/www.3sbox.it\/wp-content\/uploads\/2024\/06\/78-1030x579.png 1030w, https:\/\/www.3sbox.it\/wp-content\/uploads\/2024\/06\/78-768x432.png 768w, https:\/\/www.3sbox.it\/wp-content\/uploads\/2024\/06\/78-18x10.png 18w, https:\/\/www.3sbox.it\/wp-content\/uploads\/2024\/06\/78-705x396.png 705w\" sizes=\"(max-width: 1195px) 100vw, 1195px\" \/><\/div><\/li><li  class='avia-slideshow-slide av-li2xpiqa-00765e3e3785d6e388dfa51bc802b081__6  slide-7 slide-odd'><div data-rel='slideshow-1' class='avia-slide-wrap'   ><img decoding=\"async\" class=\"wp-image-3227 avia-img-lazy-loading-not-3227\"  src=\"https:\/\/www.3sbox.it\/wp-content\/uploads\/2024\/06\/80.png\" width=\"1195\" height=\"672\" title='80' alt=''  itemprop=\"thumbnailUrl\" srcset=\"https:\/\/www.3sbox.it\/wp-content\/uploads\/2024\/06\/80.png 1195w, https:\/\/www.3sbox.it\/wp-content\/uploads\/2024\/06\/80-300x169.png 300w, https:\/\/www.3sbox.it\/wp-content\/uploads\/2024\/06\/80-1030x579.png 1030w, https:\/\/www.3sbox.it\/wp-content\/uploads\/2024\/06\/80-768x432.png 768w, https:\/\/www.3sbox.it\/wp-content\/uploads\/2024\/06\/80-18x10.png 18w, https:\/\/www.3sbox.it\/wp-content\/uploads\/2024\/06\/80-705x396.png 705w\" sizes=\"(max-width: 1195px) 100vw, 1195px\" \/><\/div><\/li><li  class='avia-slideshow-slide av-li2xpiqa-00765e3e3785d6e388dfa51bc802b081__7  slide-8 slide-even'><div data-rel='slideshow-1' class='avia-slide-wrap'   ><img decoding=\"async\" class=\"wp-image-3226 avia-img-lazy-loading-not-3226\"  src=\"https:\/\/www.3sbox.it\/wp-content\/uploads\/2024\/06\/79.png\" width=\"1195\" height=\"672\" title='79' alt=''  itemprop=\"thumbnailUrl\" srcset=\"https:\/\/www.3sbox.it\/wp-content\/uploads\/2024\/06\/79.png 1195w, https:\/\/www.3sbox.it\/wp-content\/uploads\/2024\/06\/79-300x169.png 300w, https:\/\/www.3sbox.it\/wp-content\/uploads\/2024\/06\/79-1030x579.png 1030w, https:\/\/www.3sbox.it\/wp-content\/uploads\/2024\/06\/79-768x432.png 768w, https:\/\/www.3sbox.it\/wp-content\/uploads\/2024\/06\/79-18x10.png 18w, https:\/\/www.3sbox.it\/wp-content\/uploads\/2024\/06\/79-705x396.png 705w\" sizes=\"(max-width: 1195px) 100vw, 1195px\" \/><\/div><\/li><li  class='avia-slideshow-slide av-li2xpiqa-00765e3e3785d6e388dfa51bc802b081__8  slide-9 slide-odd'><div data-rel='slideshow-1' class='avia-slide-wrap'   ><img decoding=\"async\" class=\"wp-image-3228 avia-img-lazy-loading-not-3228\"  src=\"https:\/\/www.3sbox.it\/wp-content\/uploads\/2024\/06\/81.png\" width=\"1195\" height=\"672\" title='81' alt=''  itemprop=\"thumbnailUrl\" srcset=\"https:\/\/www.3sbox.it\/wp-content\/uploads\/2024\/06\/81.png 1195w, https:\/\/www.3sbox.it\/wp-content\/uploads\/2024\/06\/81-300x169.png 300w, https:\/\/www.3sbox.it\/wp-content\/uploads\/2024\/06\/81-1030x579.png 1030w, https:\/\/www.3sbox.it\/wp-content\/uploads\/2024\/06\/81-768x432.png 768w, https:\/\/www.3sbox.it\/wp-content\/uploads\/2024\/06\/81-18x10.png 18w, https:\/\/www.3sbox.it\/wp-content\/uploads\/2024\/06\/81-705x396.png 705w\" sizes=\"(max-width: 1195px) 100vw, 1195px\" \/><\/div><\/li><li  class='avia-slideshow-slide av-li2xpiqa-00765e3e3785d6e388dfa51bc802b081__9  slide-10 slide-even'><div data-rel='slideshow-1' class='avia-slide-wrap'   ><img decoding=\"async\" class=\"wp-image-3229 avia-img-lazy-loading-not-3229\"  src=\"https:\/\/www.3sbox.it\/wp-content\/uploads\/2024\/06\/82.png\" width=\"1195\" height=\"672\" title='82' alt=''  itemprop=\"thumbnailUrl\" srcset=\"https:\/\/www.3sbox.it\/wp-content\/uploads\/2024\/06\/82.png 1195w, https:\/\/www.3sbox.it\/wp-content\/uploads\/2024\/06\/82-300x169.png 300w, https:\/\/www.3sbox.it\/wp-content\/uploads\/2024\/06\/82-1030x579.png 1030w, https:\/\/www.3sbox.it\/wp-content\/uploads\/2024\/06\/82-768x432.png 768w, https:\/\/www.3sbox.it\/wp-content\/uploads\/2024\/06\/82-18x10.png 18w, https:\/\/www.3sbox.it\/wp-content\/uploads\/2024\/06\/82-705x396.png 705w\" sizes=\"(max-width: 1195px) 100vw, 1195px\" \/><\/div><\/li><li  class='avia-slideshow-slide av-li2xpiqa-00765e3e3785d6e388dfa51bc802b081__10  slide-11 slide-odd'><div data-rel='slideshow-1' class='avia-slide-wrap'   ><img decoding=\"async\" class=\"wp-image-3234 avia-img-lazy-loading-not-3234\"  src=\"https:\/\/www.3sbox.it\/wp-content\/uploads\/2024\/06\/87.png\" width=\"1195\" height=\"672\" title='87' alt=''  itemprop=\"thumbnailUrl\" srcset=\"https:\/\/www.3sbox.it\/wp-content\/uploads\/2024\/06\/87.png 1195w, https:\/\/www.3sbox.it\/wp-content\/uploads\/2024\/06\/87-300x169.png 300w, https:\/\/www.3sbox.it\/wp-content\/uploads\/2024\/06\/87-1030x579.png 1030w, https:\/\/www.3sbox.it\/wp-content\/uploads\/2024\/06\/87-768x432.png 768w, https:\/\/www.3sbox.it\/wp-content\/uploads\/2024\/06\/87-18x10.png 18w, https:\/\/www.3sbox.it\/wp-content\/uploads\/2024\/06\/87-705x396.png 705w\" sizes=\"(max-width: 1195px) 100vw, 1195px\" \/><\/div><\/li><li  class='avia-slideshow-slide av-li2xpiqa-00765e3e3785d6e388dfa51bc802b081__11  slide-12 slide-even'><div data-rel='slideshow-1' class='avia-slide-wrap'   ><img decoding=\"async\" class=\"wp-image-3235 avia-img-lazy-loading-not-3235\"  src=\"https:\/\/www.3sbox.it\/wp-content\/uploads\/2024\/06\/88.png\" width=\"1195\" height=\"672\" title='88' alt=''  itemprop=\"thumbnailUrl\" srcset=\"https:\/\/www.3sbox.it\/wp-content\/uploads\/2024\/06\/88.png 1195w, https:\/\/www.3sbox.it\/wp-content\/uploads\/2024\/06\/88-300x169.png 300w, https:\/\/www.3sbox.it\/wp-content\/uploads\/2024\/06\/88-1030x579.png 1030w, https:\/\/www.3sbox.it\/wp-content\/uploads\/2024\/06\/88-768x432.png 768w, https:\/\/www.3sbox.it\/wp-content\/uploads\/2024\/06\/88-18x10.png 18w, https:\/\/www.3sbox.it\/wp-content\/uploads\/2024\/06\/88-705x396.png 705w\" sizes=\"(max-width: 1195px) 100vw, 1195px\" \/><\/div><\/li><li  class='avia-slideshow-slide av-li2xpiqa-00765e3e3785d6e388dfa51bc802b081__12  slide-13 slide-odd'><div data-rel='slideshow-1' class='avia-slide-wrap'   ><img decoding=\"async\" class=\"wp-image-3236 avia-img-lazy-loading-not-3236\"  src=\"https:\/\/www.3sbox.it\/wp-content\/uploads\/2024\/06\/89.png\" width=\"1195\" height=\"672\" title='89' alt=''  itemprop=\"thumbnailUrl\" srcset=\"https:\/\/www.3sbox.it\/wp-content\/uploads\/2024\/06\/89.png 1195w, https:\/\/www.3sbox.it\/wp-content\/uploads\/2024\/06\/89-300x169.png 300w, https:\/\/www.3sbox.it\/wp-content\/uploads\/2024\/06\/89-1030x579.png 1030w, https:\/\/www.3sbox.it\/wp-content\/uploads\/2024\/06\/89-768x432.png 768w, https:\/\/www.3sbox.it\/wp-content\/uploads\/2024\/06\/89-18x10.png 18w, https:\/\/www.3sbox.it\/wp-content\/uploads\/2024\/06\/89-705x396.png 705w\" sizes=\"(max-width: 1195px) 100vw, 1195px\" \/><\/div><\/li><li  class='avia-slideshow-slide av-li2xpiqa-00765e3e3785d6e388dfa51bc802b081__13  slide-14 slide-even'><div data-rel='slideshow-1' class='avia-slide-wrap'   ><img decoding=\"async\" class=\"wp-image-3237 avia-img-lazy-loading-not-3237\"  src=\"https:\/\/www.3sbox.it\/wp-content\/uploads\/2024\/06\/90.png\" width=\"1195\" height=\"672\" title='90' alt=''  itemprop=\"thumbnailUrl\" srcset=\"https:\/\/www.3sbox.it\/wp-content\/uploads\/2024\/06\/90.png 1195w, https:\/\/www.3sbox.it\/wp-content\/uploads\/2024\/06\/90-300x169.png 300w, https:\/\/www.3sbox.it\/wp-content\/uploads\/2024\/06\/90-1030x579.png 1030w, https:\/\/www.3sbox.it\/wp-content\/uploads\/2024\/06\/90-768x432.png 768w, https:\/\/www.3sbox.it\/wp-content\/uploads\/2024\/06\/90-18x10.png 18w, https:\/\/www.3sbox.it\/wp-content\/uploads\/2024\/06\/90-705x396.png 705w\" sizes=\"(max-width: 1195px) 100vw, 1195px\" \/><\/div><\/li><li  class='avia-slideshow-slide av-li2xpiqa-00765e3e3785d6e388dfa51bc802b081__14  slide-15 slide-odd'><div data-rel='slideshow-1' class='avia-slide-wrap'   ><img decoding=\"async\" class=\"wp-image-3238 avia-img-lazy-loading-not-3238\"  src=\"https:\/\/www.3sbox.it\/wp-content\/uploads\/2024\/06\/91.png\" width=\"1195\" height=\"672\" title='91' alt=''  itemprop=\"thumbnailUrl\" srcset=\"https:\/\/www.3sbox.it\/wp-content\/uploads\/2024\/06\/91.png 1195w, https:\/\/www.3sbox.it\/wp-content\/uploads\/2024\/06\/91-300x169.png 300w, https:\/\/www.3sbox.it\/wp-content\/uploads\/2024\/06\/91-1030x579.png 1030w, https:\/\/www.3sbox.it\/wp-content\/uploads\/2024\/06\/91-768x432.png 768w, https:\/\/www.3sbox.it\/wp-content\/uploads\/2024\/06\/91-18x10.png 18w, https:\/\/www.3sbox.it\/wp-content\/uploads\/2024\/06\/91-705x396.png 705w\" sizes=\"(max-width: 1195px) 100vw, 1195px\" \/><\/div><\/li><li  class='avia-slideshow-slide av-li2xpiqa-00765e3e3785d6e388dfa51bc802b081__15  slide-16 slide-even'><div data-rel='slideshow-1' class='avia-slide-wrap'   ><img decoding=\"async\" class=\"wp-image-3240 avia-img-lazy-loading-not-3240\"  src=\"https:\/\/www.3sbox.it\/wp-content\/uploads\/2024\/06\/93.png\" width=\"1195\" height=\"672\" title='93' alt=''  itemprop=\"thumbnailUrl\" srcset=\"https:\/\/www.3sbox.it\/wp-content\/uploads\/2024\/06\/93.png 1195w, https:\/\/www.3sbox.it\/wp-content\/uploads\/2024\/06\/93-300x169.png 300w, https:\/\/www.3sbox.it\/wp-content\/uploads\/2024\/06\/93-1030x579.png 1030w, https:\/\/www.3sbox.it\/wp-content\/uploads\/2024\/06\/93-768x432.png 768w, https:\/\/www.3sbox.it\/wp-content\/uploads\/2024\/06\/93-18x10.png 18w, https:\/\/www.3sbox.it\/wp-content\/uploads\/2024\/06\/93-705x396.png 705w\" sizes=\"(max-width: 1195px) 100vw, 1195px\" \/><\/div><\/li><\/ul><div class='avia-slideshow-arrows avia-slideshow-controls' ><a href='#prev' class='prev-slide' aria-hidden='true' data-av_icon='\ue87c' data-av_iconfont='entypo-fontello'  tabindex='-1'>Pr\u00e9c\u00e9dent<\/a><a href='#next' class='next-slide' aria-hidden='true' data-av_icon='\ue87d' data-av_iconfont='entypo-fontello'  tabindex='-1'>Suivant<\/a><\/div><\/div><\/div><div id='after_full_slider_1'  class='main_color av_default_container_wrap container_wrap sidebar_right'  ><div class='container av-section-cont-open' ><div class='template-page content  av-content-small alpha units'><div class='post-entry post-entry-type-page post-entry-3161'><div class='entry-content-wrapper clearfix'>\n<div  id=\"httpswww3sboxitgallery\"  class='avia-button-wrap av-li4omsms-aa5c5cb3a89867c1d8b5ef22f972b06e-wrap avia-button-center  avia-builder-el-1  el_after_av_slideshow_full  el_before_av_heading  avia-builder-el-first'><a href='https:\/\/www.3sbox.it\/fr\/galerie-scatole-regalo\/'  class='avia-button av-li4omsms-aa5c5cb3a89867c1d8b5ef22f972b06e avia-icon_select-yes-right-icon avia-size-small avia-position-center avia-color-theme-color'  ><span class='avia_iconbox_title' >Gallery<\/span><span class='avia_button_icon avia_button_icon_right' aria-hidden='true' data-av_icon='\ue873' data-av_iconfont='entypo-fontello'><\/span><\/a><\/div>\n\n<style type=\"text\/css\" data-created_by=\"avia_inline_auto\" id=\"style-css-av-li4f7jfd-31ef4dbb30f3b95ff75e35aa9f9fc5e7\">\n#top .av-special-heading.av-li4f7jfd-31ef4dbb30f3b95ff75e35aa9f9fc5e7{\npadding-bottom:10px;\n}\nbody .av-special-heading.av-li4f7jfd-31ef4dbb30f3b95ff75e35aa9f9fc5e7 .av-special-heading-tag .heading-char{\nfont-size:25px;\n}\n.av-special-heading.av-li4f7jfd-31ef4dbb30f3b95ff75e35aa9f9fc5e7 .av-subheading{\nfont-size:15px;\n}\n<\/style>\n<div  class='av-special-heading av-li4f7jfd-31ef4dbb30f3b95ff75e35aa9f9fc5e7 av-special-heading-h2 blockquote modern-quote modern-centered  avia-builder-el-2  el_after_av_button  el_before_av_section  avia-builder-el-last'><h2 class='av-special-heading-tag'  itemprop=\"headline\"  >Coffrets cadeau<\/h2><div class=\"special-heading-border\"><div class=\"special-heading-inner-border\"><\/div><\/div><\/div>\n<\/div><\/div><\/div><!-- close content main div --><\/div><\/div><div id='ih-center-align-columns'  class='avia-section av-li2yz05z-f6a2ecdf2a149e79974b7d283e9b1658 main_color avia-section-default avia-no-border-styling  avia-builder-el-3  el_after_av_heading  avia-builder-el-last  avia-bg-style-scroll container_wrap sidebar_right'  ><div class='container av-section-cont-open' ><div class='template-page content  av-content-small alpha units'><div class='post-entry post-entry-type-page post-entry-3161'><div class='entry-content-wrapper clearfix'>\n<div  class='flex_column av-9fw7gm-253ccfb397379fbf1b183da167729d5e av_one_third  avia-builder-el-4  el_before_av_one_third  avia-builder-el-first  first flex_column_div'     ><article  class='iconbox iconbox_top av-li2yj0gz-a4434a63a1749735246b2d6a5f8d91db  avia-builder-el-5  avia-builder-el-no-sibling  main_color'  itemscope=\"itemscope\" itemtype=\"https:\/\/schema.org\/CreativeWork\" ><div class=\"iconbox_content\"><header class=\"entry-content-header\"><div class=\"iconbox_icon heading-color\" aria-hidden='true' data-av_icon='\ue836' data-av_iconfont='entypo-fontello'><\/div><h3 class='iconbox_content_title'  itemprop=\"headline\" >Produit<\/h3><\/header><div class='iconbox_content_container'  itemprop=\"text\" ><p>D\u00e9couvrez l'\u00e9l\u00e9gance fonctionnelle de nos valisettes multi-bouteilles et de nos coffrets cadeaux, con\u00e7us pour faire de chaque bouteille de vin un cadeau pr\u00e9cieux et inoubliable. Fabriqu\u00e9s en carton ondul\u00e9 de haute qualit\u00e9, ils offrent une grande robustesse et mettent en valeur la beaut\u00e9 des bouteilles, pr\u00eates \u00e0 \u00eatre expos\u00e9es ou offertes en cadeau.<\/p>\n<\/div><\/div><footer class=\"entry-footer\"><\/footer><\/article><\/div><div  class='flex_column av-kg63zq-3881e81c768028f4bf965c22bcd5fb63 av_one_third  avia-builder-el-6  el_after_av_one_third  el_before_av_one_third  flex_column_div'     ><article  class='iconbox iconbox_top av-j2k9va-a6061023f6c4e2dcc5f6a6bb091bce11  avia-builder-el-7  avia-builder-el-no-sibling  main_color'  itemscope=\"itemscope\" itemtype=\"https:\/\/schema.org\/CreativeWork\" ><div class=\"iconbox_content\"><header class=\"entry-content-header\"><div class=\"iconbox_icon heading-color\" aria-hidden='true' data-av_icon='\ue84d' data-av_iconfont='entypo-fontello'><\/div><h3 class='iconbox_content_title'  itemprop=\"headline\" >Caract\u00e9ristiques<\/h3><\/header><div class='iconbox_content_container'  itemprop=\"text\" ><p>Chaque valisette est \u00e9quip\u00e9e d'une poign\u00e9e pratique pour un transport facile et s\u00fbr, et sa conception auto-assemblable garantit un montage rapide et sans effort. Chaque d\u00e9tail des cartons a \u00e9t\u00e9 pens\u00e9 pour garantir une fonctionnalit\u00e9 maximale : de l'ouverture facile et s\u00fbre aux s\u00e9parateurs internes qui maintiennent chaque bouteille en place, \u00e9vitant ainsi les collisions et les mouvements ind\u00e9sirables, tout cela s'ajoute \u00e0 l'incroyable commodit\u00e9 de pouvoir contenir des bouteilles de diff\u00e9rents types et tailles.<span class=\"Apple-converted-space\">\u00a0<\/span><\/p>\n<\/div><\/div><footer class=\"entry-footer\"><\/footer><\/article><\/div><div  class='flex_column av-gimy2e-b6c9c67ed0638d0c7a7030d3a2c7e071 av_one_third  avia-builder-el-8  el_after_av_one_third  el_before_av_one_third  flex_column_div'     ><article  class='iconbox iconbox_top av-dt8uxi-f4577d1827ea12c18399ff7b8e8c0d0d  avia-builder-el-9  avia-builder-el-no-sibling  main_color'  itemscope=\"itemscope\" itemtype=\"https:\/\/schema.org\/CreativeWork\" ><div class=\"iconbox_content\"><header class=\"entry-content-header\"><div class=\"iconbox_icon heading-color\" aria-hidden='true' data-av_icon='\ue838' data-av_iconfont='entypo-fontello'><\/div><h3 class='iconbox_content_title'  itemprop=\"headline\" >Impression<\/h3><\/header><div class='iconbox_content_container'  itemprop=\"text\" ><p>Les cartons peuvent \u00eatre imprim\u00e9s en flexographie jusqu'\u00e0 6 couleurs, tant \u00e0 l'int\u00e9rieur qu'\u00e0 l'ext\u00e9rieur. Il est \u00e9galement possible de les produire en kraft havane, en kraft blanc et en kraft blanc couch\u00e9, ainsi qu'avec des couleurs m\u00e9tallis\u00e9es.<\/p>\n<\/div><\/div><footer class=\"entry-footer\"><\/footer><\/article><\/div><div  class='flex_column av-qw7ba-6573df67a05a71b679df0397c73efa75 av_one_third  avia-builder-el-10  el_after_av_one_third  el_before_av_one_third  first flex_column_div  column-top-margin'     ><article  class='iconbox iconbox_top av-54kuvq-e72ce5baa651daf084284823b76bb9d4  avia-builder-el-11  avia-builder-el-no-sibling  main_color'  itemscope=\"itemscope\" itemtype=\"https:\/\/schema.org\/CreativeWork\" ><div class=\"iconbox_content\"><header class=\"entry-content-header\"><div class=\"iconbox_icon heading-color\" aria-hidden='true' data-av_icon='\ue8b8' data-av_iconfont='entypo-fontello'><\/div><h3 class='iconbox_content_title'  itemprop=\"headline\" >\u00c9cologique<\/h3><\/header><div class='iconbox_content_container'  itemprop=\"text\" ><p>Les produits sont \u00e9cologiques et 100 % recyclables, imprim\u00e9s en flexographie avec des couleurs \u00e0 base d'eau et certifi\u00e9s FSC. Aucun adh\u00e9sif n'est n\u00e9cessaire pour la fermeture.<\/p>\n<\/div><\/div><footer class=\"entry-footer\"><\/footer><\/article><\/div><div  class='flex_column av-77m1y-8798de3839f6cfd59ee0d10ab1e6ca6d av_one_third  avia-builder-el-12  el_after_av_one_third  el_before_av_one_third  flex_column_div  column-top-margin'     ><article  class='iconbox iconbox_top av-li4npxol-b138a513656777a9a414066545d0e773  avia-builder-el-13  avia-builder-el-no-sibling  main_color'  itemscope=\"itemscope\" itemtype=\"https:\/\/schema.org\/CreativeWork\" ><div class=\"iconbox_content\"><header class=\"entry-content-header\"><div class=\"iconbox_icon heading-color\" aria-hidden='true' data-av_icon='\ue80d' data-av_iconfont='entypo-fontello'><\/div><h3 class='iconbox_content_title'  itemprop=\"headline\" >Video<\/h3><\/header><div class='iconbox_content_container'  itemprop=\"text\" ><div style=\"width: 316px;\" class=\"wp-video\"><video class=\"wp-video-shortcode\" id=\"video-3161-1\" width=\"316\" height=\"360\" preload=\"metadata\" controls=\"controls\"><source type=\"video\/mp4\" src=\"https:\/\/www.3sbox.it\/wp-content\/uploads\/2024\/07\/Video_Generico.mp4?_=1\" \/><a href=\"https:\/\/www.3sbox.it\/wp-content\/uploads\/2024\/07\/Video_Generico.mp4\">https:\/\/www.3sbox.it\/wp-content\/uploads\/2024\/07\/Video_Generico.mp4<\/a><\/video><\/div>\n<\/div><\/div><footer class=\"entry-footer\"><\/footer><\/article><\/div><div  class='flex_column av-4m1f3q-66c3b611b7b11d2fd423dd768b9b1e07 av_one_third  avia-builder-el-14  el_after_av_one_third  avia-builder-el-last  flex_column_div  column-top-margin'     ><article  class='iconbox iconbox_top av-2hkag6-2cb24437722d4cb0c0fb7b5a80b06f8e  avia-builder-el-15  avia-builder-el-no-sibling  main_color'  itemscope=\"itemscope\" itemtype=\"https:\/\/schema.org\/CreativeWork\" ><div class=\"iconbox_content\"><header class=\"entry-content-header\"><div class=\"iconbox_icon heading-color\" aria-hidden='true' data-av_icon='\ue805' data-av_iconfont='entypo-fontello'><\/div><h3 class='iconbox_content_title'  itemprop=\"headline\" >Info<\/h3><\/header><div class='iconbox_content_container'  itemprop=\"text\" ><p>Pour plus d'informations, n'h\u00e9sitez pas \u00e0 nous contacter \u00e0 l'adresse marketing@bertolinsrl.it ou par t\u00e9l\u00e9phone au +43 660 1155288.<\/p>\n<\/div><\/div><footer class=\"entry-footer\"><\/footer><\/article><\/div><\/div><\/div><\/div><!-- close content main div --><\/div><\/div><div id='after_section_1'  class='main_color av_default_container_wrap container_wrap sidebar_right'  ><div class='container av-section-cont-open' ><div class='template-page content  av-content-small alpha units'><div class='post-entry post-entry-type-page post-entry-3161'><div class='entry-content-wrapper clearfix'>","protected":false},"excerpt":{"rendered":"","protected":false},"author":1,"featured_media":0,"parent":0,"menu_order":0,"comment_status":"closed","ping_status":"closed","template":"","meta":{"footnotes":""},"class_list":["post-3161","page","type-page","status-publish","hentry"],"_links":{"self":[{"href":"https:\/\/www.3sbox.it\/fr\/wp-json\/wp\/v2\/pages\/3161","targetHints":{"allow":["GET"]}}],"collection":[{"href":"https:\/\/www.3sbox.it\/fr\/wp-json\/wp\/v2\/pages"}],"about":[{"href":"https:\/\/www.3sbox.it\/fr\/wp-json\/wp\/v2\/types\/page"}],"author":[{"embeddable":true,"href":"https:\/\/www.3sbox.it\/fr\/wp-json\/wp\/v2\/users\/1"}],"replies":[{"embeddable":true,"href":"https:\/\/www.3sbox.it\/fr\/wp-json\/wp\/v2\/comments?post=3161"}],"version-history":[{"count":9,"href":"https:\/\/www.3sbox.it\/fr\/wp-json\/wp\/v2\/pages\/3161\/revisions"}],"predecessor-version":[{"id":3319,"href":"https:\/\/www.3sbox.it\/fr\/wp-json\/wp\/v2\/pages\/3161\/revisions\/3319"}],"wp:attachment":[{"href":"https:\/\/www.3sbox.it\/fr\/wp-json\/wp\/v2\/media?parent=3161"}],"curies":[{"name":"wp","href":"https:\/\/api.w.org\/{rel}","templated":true}]}}